{"id":54,"date":"2026-04-12T05:29:53","date_gmt":"2026-04-12T05:29:53","guid":{"rendered":"https:\/\/ellato.golgota.hu\/?page_id=54"},"modified":"2026-04-12T05:49:17","modified_gmt":"2026-04-12T05:49:17","slug":"rolunk","status":"publish","type":"page","link":"https:\/\/ellato.golgota.hu\/?page_id=54","title":{"rendered":"R\u00f3lunk"},"content":{"rendered":"\n<p><\/p>\n\n\n\n<p>T\u00e1mogatjuk r\u00e1szorul\u00f3 embert\u00e1rsaink \u00e9let\u00e9t, reintegr\u00e1ci\u00f3jukat a t\u00e1rsadalomba. Egy hely, ahol a hajl\u00e9ktalan emberek tiszta \u00e9s kultur\u00e1lt k\u00f6rnyezetben tudj\u00e1k elt\u00f6lteni napjaikat, \u00e9s ahol elfogad\u00e1st \u00e9s t\u00f6r\u0151d\u00e9st \u00e9rezhetnek.<br>Adom\u00e1ny: 10400126-00028083-00000009<\/p>\n\n\n\n<p><\/p>\n","protected":false},"excerpt":{"rendered":"<p>T\u00e1mogatjuk r\u00e1szorul\u00f3 embert\u00e1rsaink \u00e9let\u00e9t, reintegr\u00e1ci\u00f3jukat a t\u00e1rsadalomba. Egy hely, ahol a hajl\u00e9ktalan emberek tiszta \u00e9s kultur\u00e1lt k\u00f6rnyezetben tudj\u00e1k elt\u00f6lteni napjaikat, \u00e9s ahol elfogad\u00e1st \u00e9s t\u00f6r\u0151d\u00e9st \u00e9rezhetnek.Adom\u00e1ny: 10400126-00028083-00000009<\/p>\n","protected":false},"author":1,"featured_media":0,"parent":0,"menu_order":0,"comment_status":"closed","ping_status":"closed","template":"","meta":{"footnotes":""},"class_list":["post-54","page","type-page","status-publish","hentry"],"_links":{"self":[{"href":"https:\/\/ellato.golgota.hu\/index.php?rest_route=\/wp\/v2\/pages\/54","targetHints":{"allow":["GET"]}}],"collection":[{"href":"https:\/\/ellato.golgota.hu\/index.php?rest_route=\/wp\/v2\/pages"}],"about":[{"href":"https:\/\/ellato.golgota.hu\/index.php?rest_route=\/wp\/v2\/types\/page"}],"author":[{"embeddable":true,"href":"https:\/\/ellato.golgota.hu\/index.php?rest_route=\/wp\/v2\/users\/1"}],"replies":[{"embeddable":true,"href":"https:\/\/ellato.golgota.hu\/index.php?rest_route=%2Fwp%2Fv2%2Fcomments&post=54"}],"version-history":[{"count":2,"href":"https:\/\/ellato.golgota.hu\/index.php?rest_route=\/wp\/v2\/pages\/54\/revisions"}],"predecessor-version":[{"id":68,"href":"https:\/\/ellato.golgota.hu\/index.php?rest_route=\/wp\/v2\/pages\/54\/revisions\/68"}],"wp:attachment":[{"href":"https:\/\/ellato.golgota.hu\/index.php?rest_route=%2Fwp%2Fv2%2Fmedia&parent=54"}],"curies":[{"name":"wp","href":"https:\/\/api.w.org\/{rel}","templated":true}]}}