{"id":50,"date":"2026-04-12T05:28:26","date_gmt":"2026-04-12T05:28:26","guid":{"rendered":"https:\/\/ellato.golgota.hu\/?page_id=50"},"modified":"2026-04-12T05:37:23","modified_gmt":"2026-04-12T05:37:23","slug":"kapcsolat","status":"publish","type":"page","link":"https:\/\/ellato.golgota.hu\/?page_id=50","title":{"rendered":"Kapcsolat"},"content":{"rendered":"\n<p><br>V\u00f6r\u00f6smarty utca 17., Budapest VII. ker\u00fclet, Hungary, 1074<\/p>\n\n\n\n<p>Tel: 06 1 786 1946<\/p>\n\n\n\n<p><a href=\"mailto:ellato@golgota.hu\" target=\"_blank\" rel=\"noreferrer noopener\">ellato@golgota.hu<\/a><\/p>\n\n\n\n<p><\/p>\n","protected":false},"excerpt":{"rendered":"<p>V\u00f6r\u00f6smarty utca 17., Budapest VII. ker\u00fclet, Hungary, 1074 Tel: 06 1 786 1946 ellato@golgota.hu<\/p>\n","protected":false},"author":1,"featured_media":0,"parent":0,"menu_order":0,"comment_status":"closed","ping_status":"closed","template":"","meta":{"footnotes":""},"class_list":["post-50","page","type-page","status-publish","hentry"],"_links":{"self":[{"href":"https:\/\/ellato.golgota.hu\/index.php?rest_route=\/wp\/v2\/pages\/50","targetHints":{"allow":["GET"]}}],"collection":[{"href":"https:\/\/ellato.golgota.hu\/index.php?rest_route=\/wp\/v2\/pages"}],"about":[{"href":"https:\/\/ellato.golgota.hu\/index.php?rest_route=\/wp\/v2\/types\/page"}],"author":[{"embeddable":true,"href":"https:\/\/ellato.golgota.hu\/index.php?rest_route=\/wp\/v2\/users\/1"}],"replies":[{"embeddable":true,"href":"https:\/\/ellato.golgota.hu\/index.php?rest_route=%2Fwp%2Fv2%2Fcomments&post=50"}],"version-history":[{"count":2,"href":"https:\/\/ellato.golgota.hu\/index.php?rest_route=\/wp\/v2\/pages\/50\/revisions"}],"predecessor-version":[{"id":63,"href":"https:\/\/ellato.golgota.hu\/index.php?rest_route=\/wp\/v2\/pages\/50\/revisions\/63"}],"wp:attachment":[{"href":"https:\/\/ellato.golgota.hu\/index.php?rest_route=%2Fwp%2Fv2%2Fmedia&parent=50"}],"curies":[{"name":"wp","href":"https:\/\/api.w.org\/{rel}","templated":true}]}}